{"id":263,"date":"2026-02-19T17:06:34","date_gmt":"2026-02-19T16:06:34","guid":{"rendered":"https:\/\/fase-elec.fr\/?page_id=263"},"modified":"2026-02-27T15:38:52","modified_gmt":"2026-02-27T14:38:52","slug":"partenaires","status":"publish","type":"page","link":"https:\/\/fase-elec.fr\/index.php\/partenaires\/","title":{"rendered":"Partenaires"},"content":{"rendered":"\t\t<div data-elementor-type=\"wp-page\" data-elementor-id=\"263\" class=\"elementor elementor-263\">\n\t\t\t\t<div class=\"elementor-element elementor-element-7404fa40 e-flex e-con-boxed e-con e-parent\" data-id=\"7404fa40\" data-element_type=\"container\">\n\t\t\t\t\t<div class=\"e-con-inner\">\n\t\t\t\t<div class=\"elementor-element elementor-element-127bb3ef elementor-widget elementor-widget-text-editor\" data-id=\"127bb3ef\" data-element_type=\"widget\" data-widget_type=\"text-editor.default\">\n\t\t\t\t<div class=\"elementor-widget-container\">\n\t\t\t\t\t\t\t\t\t<p><b>Pour accomplir certaines missions, nous choisissons des partenaires de confiance qui partagent nos valeurs et nous accompagnent au cas par cas.<br \/><\/b><b>Leur engagement est de se montrer disponibles, r\u00e9actifs, et d&rsquo;ex\u00e9cuter les missions avec s\u00e9rieux, rigueur et professionnalisme<\/b>.<br \/><strong>Avec la contribution de ces partenaires, nous allons au del\u00e0 du seul domaine de la machine \u00e9lectriques tournante, mais maitrisons \u00e9galement la chaine compl\u00e8te (syst\u00e8me entrainant, contr\u00f4le\/commande, r\u00e9seau etc.)<\/strong><\/p><p><!-- \/wp:paragraph --><\/p>\t\t\t\t\t\t\t\t<\/div>\n\t\t\t\t<\/div>\n\t\t\t\t\t<\/div>\n\t\t\t\t<\/div>\n\t\t<div class=\"elementor-element elementor-element-69634fb e-flex e-con-boxed e-con e-parent\" data-id=\"69634fb\" data-element_type=\"container\">\n\t\t\t\t\t<div class=\"e-con-inner\">\n\t\t\t\t<div class=\"elementor-element elementor-element-626be85 elementor-widget elementor-widget-text-editor\" data-id=\"626be85\" data-element_type=\"widget\" data-widget_type=\"text-editor.default\">\n\t\t\t\t<div class=\"elementor-widget-container\">\n\t\t\t\t\t\t\t\t\t<p><img decoding=\"async\" class=\" wp-image-395 alignleft\" src=\"http:\/\/fase-elec.fr\/wp-content\/uploads\/2026\/02\/CALLITECH-logo.jpg\" alt=\"\" width=\"84\" height=\"85\" \/>La soci\u00e9t\u00e9 <b>CALLITECH <\/b>vous accompagne pour vos projets d&rsquo;Etudes, de suivi de r\u00e9alisation, assistance technique, assistance \u00e0\u00a0 Ma\u00eetrise d\u2019Ouvrage, assistance \u00e0\u00a0 Ma\u00eetrise dOeuvre, r\u00e9daction de cahier des charges, expertises, am\u00e9lioration de proc\u00e9d\u00e9s, suivi d\u2019exploitation.<\/p><p style=\"font-weight: 400;\">CALLITECH poss\u00e8de \u00e9galement une Expertise en automatismes, supervision, informatique industrielle, installation de machines tournante&#8230;.<\/p><p>\u00a0<\/p><p>CONTACT:\u00a0<a href=\"mailto:didier.legoff@callitech.fr\" target=\"_blank\" rel=\"noopener\">didier.legoff@callitech.fr<\/a>\u00a0_ +33 (0)6 07 24 84 54<\/p>\t\t\t\t\t\t\t\t<\/div>\n\t\t\t\t<\/div>\n\t\t\t\t\t<\/div>\n\t\t\t\t<\/div>\n\t\t<div class=\"elementor-element elementor-element-00f09e6 e-grid e-con-boxed e-con e-parent\" data-id=\"00f09e6\" data-element_type=\"container\">\n\t\t\t\t\t<div class=\"e-con-inner\">\n\t\t\t\t<div class=\"elementor-element elementor-element-eefe045 elementor-widget__width-initial elementor-widget elementor-widget-text-editor\" data-id=\"eefe045\" data-element_type=\"widget\" data-widget_type=\"text-editor.default\">\n\t\t\t\t<div class=\"elementor-widget-container\">\n\t\t\t\t\t\t\t\t\t<p><img decoding=\"async\" class=\"wp-image-298 aligncenter\" src=\"http:\/\/fase-elec.fr\/wp-content\/uploads\/2026\/02\/Logo-SMATI-290x300.jpg\" alt=\"\" width=\"133\" height=\"137\" srcset=\"https:\/\/fase-elec.fr\/wp-content\/uploads\/2026\/02\/Logo-SMATI-290x300.jpg 290w, https:\/\/fase-elec.fr\/wp-content\/uploads\/2026\/02\/Logo-SMATI.jpg 446w\" sizes=\"(max-width: 133px) 100vw, 133px\" \/><\/p><p>La soci\u00e9t\u00e9\u00a0<b>SMATI\u00a0<\/b>peut vous assister pour des travaux m\u00e9caniques.<\/p><p>Sp\u00e9cialis\u00e9 dans l&rsquo;environnement de la\u00a0<b>Turbine \u00e0 vapeur<\/b>, les \u00e9quipes de SMATI sont qualifi\u00e9es et \u00e9quip\u00e9es pour effectuer des prestations de Lignage (alignement Laser), d\u00e9pose\/repose de groupe Turbo-Alternateur, entretien et v\u00e9rification de Paliers lisses ou \u00e0 roulements et de nombreuses autres prestations.<\/p><p>CONTACT:\u00a0<a href=\"mailto:smati.herve@orange.fr\" target=\"_blank\" rel=\"noopener\">smati.herve@orange.fr<\/a><\/p>\t\t\t\t\t\t\t\t<\/div>\n\t\t\t\t<\/div>\n\t\t\t\t<div class=\"elementor-element elementor-element-9d85c90 elementor-widget__width-initial elementor-widget elementor-widget-text-editor\" data-id=\"9d85c90\" data-element_type=\"widget\" data-widget_type=\"text-editor.default\">\n\t\t\t\t<div class=\"elementor-widget-container\">\n\t\t\t\t\t\t\t\t\t<p>\u00a0<img decoding=\"async\" class=\"wp-image-306 aligncenter\" src=\"http:\/\/fase-elec.fr\/wp-content\/uploads\/2026\/02\/Logo-INDOMEKA.jpg\" alt=\"\" width=\"118\" height=\"115\" \/><\/p><p>La soci\u00e9t\u00e9 <b>INDOMEKA <\/b>est sp\u00e9cialis\u00e9e dans le domaine de la <b>Turbine Hydro-\u00e9lectrique<\/b>.<\/p><p>Fort de plus de 35 ans d&rsquo;exp\u00e9rience internationale dans cet environnement, Christophe CLUZEL et ses collaborateurs peuvent vous assister pour tous travaux de montage\/d\u00e9montage de Turbine hydro-\u00e9lectrique, de multiplicateur ou effectuer des travaux m\u00e9caniques sur ces \u00e9quipements. Ils peuvent \u00e9galement vous proposer des prestations de lignages et travaux de d\u00e9pose\/repose d&rsquo;Alternateur en centrale hydro-\u00e9lectrique.<\/p><p>INDOMEKA peut \u00e9galement vous accompagner pour des Mise en Service et r\u00e9glages d&rsquo;instrumentation (langues parl\u00e9es: Anglais, Espagnol, Portugais).<\/p><p>CONTACT:\u00a0<a href=\"mailto:chriscluzel@aol.com\" target=\"_blank\" rel=\"noopener\">chriscluzel@aol.com<\/a>\u00a0_ +33 (0)6 12 31 01 36<\/p>\t\t\t\t\t\t\t\t<\/div>\n\t\t\t\t<\/div>\n\t\t\t\t<div class=\"elementor-element elementor-element-5ba0b44 elementor-widget__width-initial elementor-widget elementor-widget-text-editor\" data-id=\"5ba0b44\" data-element_type=\"widget\" data-widget_type=\"text-editor.default\">\n\t\t\t\t<div class=\"elementor-widget-container\">\n\t\t\t\t\t\t\t\t\t<p><img loading=\"lazy\" decoding=\"async\" class=\"aligncenter\" src=\"http:\/\/fase-elec.fr\/wp-content\/uploads\/2026\/02\/Logo-Jamal-300x130.jpg\" alt=\"\" width=\"300\" height=\"130\" \/>La soci\u00e9t\u00e9 <b>ATE <\/b>vous propose des <b>transports de marchandises<\/b> et de <b>mati\u00e8res dangereuses<\/b>.\u00a0<\/p><p>Expert de la<b> livraison Expresse<\/b> (messagerie) et certifi\u00e9e ADR, ATE vous apporte un service de qualit\u00e9 pour toutes ses prestations r\u00e9alis\u00e9es.<\/p><p>En France ou en Europe, contactez Jamal par email:\u00a0<a href=\"mailto:amajah.te45@gmail.com\" target=\"_blank\" rel=\"noopener\">amajah.te45@gmail.com<\/a>\u00a0ou par t\u00e9l\u00e9phone au: +33 (0)7 70 16 68 55<\/p><p>\u00a0 \u00a0 \u00a0 \u00a0 \u00a0 \u00a0 \u00a0 \u00a0 \u00a0 \u00a0 <img loading=\"lazy\" decoding=\"async\" class=\"size-medium wp-image-333 aligncenter\" src=\"http:\/\/fase-elec.fr\/wp-content\/uploads\/2026\/02\/plaquette-ATE-294x300.jpg\" alt=\"\" width=\"294\" height=\"300\" srcset=\"https:\/\/fase-elec.fr\/wp-content\/uploads\/2026\/02\/plaquette-ATE-294x300.jpg 294w, https:\/\/fase-elec.fr\/wp-content\/uploads\/2026\/02\/plaquette-ATE.jpg 524w\" sizes=\"(max-width: 294px) 100vw, 294px\" \/><\/p>\t\t\t\t\t\t\t\t<\/div>\n\t\t\t\t<\/div>\n\t\t\t\t<div class=\"elementor-element elementor-element-dfed093 elementor-widget elementor-widget-text-editor\" data-id=\"dfed093\" data-element_type=\"widget\" data-widget_type=\"text-editor.default\">\n\t\t\t\t<div class=\"elementor-widget-container\">\n\t\t\t\t\t\t\t\t\t<p><img loading=\"lazy\" decoding=\"async\" class=\"wp-image-363 aligncenter\" src=\"http:\/\/fase-elec.fr\/wp-content\/uploads\/2026\/02\/MONTRANSFORMATEUR-300x43.jpg\" alt=\"\" width=\"409\" height=\"59\" srcset=\"https:\/\/fase-elec.fr\/wp-content\/uploads\/2026\/02\/MONTRANSFORMATEUR-300x43.jpg 300w, https:\/\/fase-elec.fr\/wp-content\/uploads\/2026\/02\/MONTRANSFORMATEUR.jpg 524w\" sizes=\"(max-width: 409px) 100vw, 409px\" \/><\/p><p>La soci\u00e9t\u00e9 <strong>MONTRANSFORMATEUR.COM<\/strong> est sp\u00e9cialis\u00e9e dans les<b> r\u00e9seaux HT et protections \u00e9lectriques.<\/b><\/p><p>Qu&rsquo;il s&rsquo;agisse de controle\/v\u00e9rification p\u00e9riodique r\u00e8glementaire de vos relais de protection (SEPAM, SIEMENS&#8230;), de vos installations HT (r\u00e9seau, cellules&#8230;), ou de r\u00e9aliser une \u00e9tude de r\u00e9seau ou de protections,\u00a0 MONTRANSFORMATEUR.COM peut vous assister.<\/p><p>\u00a0<\/p><p>CONTACT: Ga\u00ebtan FEASSON _\u00a0<a style=\"background-color: #ffffff; font-size: 1rem;\" href=\"mailto:gf@montransformateur.com\" target=\"_blank\" rel=\"noopener\">gf@montransformateur.com<\/a><\/p><p><a style=\"background-color: #ffffff; font-size: 1rem;\" href=\"https:\/\/www.montransformateur.online\/\" target=\"_blank\" rel=\"noopener\">https:\/\/www.montransformateur.online<\/a>\/<\/p>\t\t\t\t\t\t\t\t<\/div>\n\t\t\t\t<\/div>\n\t\t\t\t\t<\/div>\n\t\t\t\t<\/div>\n\t\t\t\t<\/div>\n\t\t","protected":false},"excerpt":{"rendered":"<p>Pour accomplir certaines missions, nous choisissons des partenaires de confiance qui partagent nos valeurs et nous accompagnent au cas par cas.Leur engagement est de se montrer disponibles, r\u00e9actifs, et d&rsquo;ex\u00e9cuter les missions avec s\u00e9rieux, rigueur et professionnalisme.Avec la contribution de ces partenaires, nous allons au del\u00e0 du seul domaine de la machine \u00e9lectriques tournante, mais [&hellip;]<\/p>\n","protected":false},"author":1,"featured_media":0,"parent":0,"menu_order":0,"comment_status":"closed","ping_status":"closed","template":"","meta":{"footnotes":""},"class_list":["post-263","page","type-page","status-publish","hentry"],"_links":{"self":[{"href":"https:\/\/fase-elec.fr\/index.php\/wp-json\/wp\/v2\/pages\/263","targetHints":{"allow":["GET"]}}],"collection":[{"href":"https:\/\/fase-elec.fr\/index.php\/wp-json\/wp\/v2\/pages"}],"about":[{"href":"https:\/\/fase-elec.fr\/index.php\/wp-json\/wp\/v2\/types\/page"}],"author":[{"embeddable":true,"href":"https:\/\/fase-elec.fr\/index.php\/wp-json\/wp\/v2\/users\/1"}],"replies":[{"embeddable":true,"href":"https:\/\/fase-elec.fr\/index.php\/wp-json\/wp\/v2\/comments?post=263"}],"version-history":[{"count":90,"href":"https:\/\/fase-elec.fr\/index.php\/wp-json\/wp\/v2\/pages\/263\/revisions"}],"predecessor-version":[{"id":407,"href":"https:\/\/fase-elec.fr\/index.php\/wp-json\/wp\/v2\/pages\/263\/revisions\/407"}],"wp:attachment":[{"href":"https:\/\/fase-elec.fr\/index.php\/wp-json\/wp\/v2\/media?parent=263"}],"curies":[{"name":"wp","href":"https:\/\/api.w.org\/{rel}","templated":true}]}}